{"id":773,"date":"2019-03-25T14:48:56","date_gmt":"2019-03-25T13:48:56","guid":{"rendered":"http:\/\/centrummisiak.pl\/?page_id=773"},"modified":"2022-09-26T16:27:31","modified_gmt":"2022-09-26T14:27:31","slug":"kratka-trawnikowa","status":"publish","type":"page","link":"http:\/\/centrummisiak.pl\/?page_id=773","title":{"rendered":"Kratka trawnikowa"},"content":{"rendered":"\n<figure class=\"wp-block-gallery columns-3 is-cropped\"><ul class=\"blocks-gallery-grid\"><li class=\"blocks-gallery-item\"><figure><a href=\"http:\/\/centrummisiak.pl\/wp-content\/uploads\/2019\/04\/20190404_120158_HDRm-768x1024.jpg\"><img loading=\"lazy\" width=\"768\" height=\"1024\" src=\"http:\/\/centrummisiak.pl\/wp-content\/uploads\/2019\/04\/20190404_120158_HDRm-768x1024.jpg\" alt=\"\" data-id=\"869\" data-link=\"http:\/\/centrummisiak.pl\/?attachment_id=869\" class=\"wp-image-869\" srcset=\"http:\/\/centrummisiak.pl\/wp-content\/uploads\/2019\/04\/20190404_120158_HDRm-768x1024.jpg 768w, http:\/\/centrummisiak.pl\/wp-content\/uploads\/2019\/04\/20190404_120158_HDRm-225x300.jpg 225w\" sizes=\"(max-width: 768px) 100vw, 768px\" \/><\/a><\/figure><\/li><li class=\"blocks-gallery-item\"><figure><a href=\"http:\/\/centrummisiak.pl\/wp-content\/uploads\/2019\/04\/20190405_084801m-1024x501.jpg\"><img loading=\"lazy\" width=\"1024\" height=\"501\" src=\"http:\/\/centrummisiak.pl\/wp-content\/uploads\/2019\/04\/20190405_084801m-1024x501.jpg\" alt=\"\" data-id=\"870\" data-link=\"http:\/\/centrummisiak.pl\/?attachment_id=870\" class=\"wp-image-870\" srcset=\"http:\/\/centrummisiak.pl\/wp-content\/uploads\/2019\/04\/20190405_084801m-1024x501.jpg 1024w, http:\/\/centrummisiak.pl\/wp-content\/uploads\/2019\/04\/20190405_084801m-300x147.jpg 300w, http:\/\/centrummisiak.pl\/wp-content\/uploads\/2019\/04\/20190405_084801m-768x376.jpg 768w\" sizes=\"(max-width: 1024px) 100vw, 1024px\" \/><\/a><\/figure><\/li><li class=\"blocks-gallery-item\"><figure><a href=\"http:\/\/centrummisiak.pl\/wp-content\/uploads\/2019\/04\/20190409_110843m-835x1024.jpg\"><img loading=\"lazy\" width=\"835\" height=\"1024\" src=\"http:\/\/centrummisiak.pl\/wp-content\/uploads\/2019\/04\/20190409_110843m-835x1024.jpg\" alt=\"\" data-id=\"871\" data-link=\"http:\/\/centrummisiak.pl\/?attachment_id=871\" class=\"wp-image-871\" srcset=\"http:\/\/centrummisiak.pl\/wp-content\/uploads\/2019\/04\/20190409_110843m-835x1024.jpg 835w, http:\/\/centrummisiak.pl\/wp-content\/uploads\/2019\/04\/20190409_110843m-245x300.jpg 245w, http:\/\/centrummisiak.pl\/wp-content\/uploads\/2019\/04\/20190409_110843m-768x942.jpg 768w\" sizes=\"(max-width: 835px) 100vw, 835px\" \/><\/a><\/figure><\/li><li class=\"blocks-gallery-item\"><figure><a href=\"http:\/\/centrummisiak.pl\/wp-content\/uploads\/2019\/04\/20190409_110936m-768x1024.jpg\"><img loading=\"lazy\" width=\"768\" height=\"1024\" src=\"http:\/\/centrummisiak.pl\/wp-content\/uploads\/2019\/04\/20190409_110936m-768x1024.jpg\" alt=\"\" data-id=\"872\" data-link=\"http:\/\/centrummisiak.pl\/?attachment_id=872\" class=\"wp-image-872\" srcset=\"http:\/\/centrummisiak.pl\/wp-content\/uploads\/2019\/04\/20190409_110936m-768x1024.jpg 768w, http:\/\/centrummisiak.pl\/wp-content\/uploads\/2019\/04\/20190409_110936m-225x300.jpg 225w\" sizes=\"(max-width: 768px) 100vw, 768px\" \/><\/a><\/figure><\/li><\/ul><\/figure>\n\n\n\n<p><span style=\"font-size: 14pt;\">KRATKA TRAWNIKOWA wyr\u00f3\u017cnia si\u0119 nowoczesn\u0105 konstrukcj\u0105 oraz wysok\u0105 wytrzyma\u0142o\u015bci\u0105 na \u015bciskanie. S\u0142u\u017cy do stabilizacji i umacniania gruntu. Dzi\u0119ki jej zastosowaniu tworzymy powierzchnie u\u017cytkowe (podjazdy, parkingi itp.), kt\u00f3re jednocze\u015bnie stanowi\u0105 powierzchnie biologicznie czynne (swobodna migracja w\u00f3d opadowych). Produkt dost\u0119pny w dw\u00f3ch wersjach kolorystycznych: czarna oraz zielona.<\/span><\/p>\n<p><span style=\"font-size: 14pt;\">Rozmiar kratki: 50 x 50 x 4 cm.<\/span><\/p>\n<p><span style=\"font-size: 14pt;\">Parametry:<\/span><\/p>\n<p><span style=\"font-size: 14pt;\">Wymiary (szeroko\u015b\u0107, d\u0142ugo\u015b\u0107, wysoko\u015b\u0107)<\/span><\/p>\n<p><span style=\"font-size: 14pt;\">50x50x4 cm (+\/- 3%)<\/span><\/p>\n<p><span style=\"font-size: 14pt;\">Waga jednej szt. 1,05 kg<\/span><\/p>\n<p><span style=\"font-size: 14pt;\">Powierzchnia kratki (brutto): 0,25 m<sup>2 <\/sup><\/span><\/p>\n<p><span style=\"font-size: 14pt;\">Kolor zielony, czarny.<\/span><\/p>\n<p><span style=\"font-size: 14pt;\">Materia\u0142: PE,PP.<\/span><\/p>\n<p>&nbsp;<\/p>\n<p>&nbsp;<\/p>\n<p><span style=\"font-size: 14pt;\">INSTRUKCJA MONTA\u017bU :<\/span><\/p>\n<ol>\n<li><span style=\"font-size: 14pt;\"><strong>Warstwa no\u015bna: <\/strong>Przed przyst\u0105pieniem do u\u0142o\u017cenia warstwy no\u015bnej, nale\u017cy wykorytowa\u0107 obszar (usun\u0105\u0107 wierzchni\u0105 warstw\u0119 gruntu) na kt\u00f3rym chcemy wbudowa\u0107 kratk\u0119. Grunt usuwamy na g\u0142\u0119boko\u015b\u0107 ok. 30-40 cm . W tak przygotowanym korycie rozk\u0142adamy warstw\u0119 no\u015bn\u0105 w postaci kruszywa (\u017cwir\/t\u0142ucze\u0144) o grubo\u015bci warstwy ok. 15-30 cm. Grubo\u015b\u0107 warstwy no\u015bnej zale\u017cy od wielko\u015bci przewidywanego obci\u0105\u017cenia u\u017cytkowanej nawierzchni (im wi\u0119ksze obci\u0105\u017cenie tym grubsza warstwa no\u015bna). R\u00f3wnomiernie roz\u0142o\u017cone kruszywo nale\u017cy zag\u0119\u015bci\u0107 mechanicznie zag\u0119szczark\u0105.<\/span><\/li>\n<li><span style=\"font-size: 14pt;\"><strong>Warstwa wyr\u00f3wnuj\u0105ca<\/strong> Na przygotowanej warstwie no\u015bnej na ca\u0142ej powierzchni rozk\u0142adamy geow\u0142\u00f3knin\u0119 400 g\/m, kt\u00f3ra dodatkowo wzmacnia powierzchni\u0119 oraz zapobiega przemieszczaniu si\u0119 drobniejszych frakcji kruszywa z g\u00f3rnej warstwy wyr\u00f3wnuj\u0105cej do warstwy no\u015bnej pod wp\u0142ywem wody. Nast\u0119pnie nanosimy warstw\u0119 wyr\u00f3wnuj\u0105c\u0105 w postaci piasku lub posp\u00f3\u0142ki o uziarnieniu 0,2-5 mm. Po zag\u0119szczeniu i wyr\u00f3wnaniu, warstwa wyr\u00f3wnuj\u0105ca powinna mie\u0107 ok. 5 cm.<\/span><\/li>\n<li><span style=\"font-size: 14pt;\"><strong>U\u0142o\u017cenie kratki<\/strong> Na tak przygotowan\u0105 powierzchni\u0119 uk\u0142adamy kratk\u0119 stabilizuj\u0105c\u0105 Stella Green. Monta\u017c kratki jest bardzo szybki i prosty. Poszczeg\u00f3lne elementy kratki \u0142\u0105czymy ze sob\u0105 z pomoc\u0105 zaczep\u00f3w (kolc\u00f3w) znajduj\u0105cych si\u0119 na spodniej cz\u0119\u015bci dw\u00f3ch kraw\u0119dzi. Kratka posiada r\u00f3wnie\u017c na swej dolnej powierzchni 4 kolce stabilizuj\u0105ce, kt\u00f3re w trakcie uk\u0142adania wciskamy w pod\u0142o\u017ce. Kratk\u0119 Stella Green mo\u017cna bardzo \u0142atwo podda\u0107 obr\u00f3bce za pomoc\u0105 prostych narz\u0119dzi r\u0119cznych lub elektrycznych. Po u\u0142o\u017ceniu kratki, ca\u0142o\u015b\u0107 nawierzchni wyr\u00f3wnujemy za pomoc\u0105 zag\u0119szczarki. Nast\u0119pnie w zale\u017cno\u015bci od potrzeb, kratk\u0119 wype\u0142niamy: ziemi\u0105, piaskiem, \u017cwirem lub kruszywem ozdobnym<\/span><\/li>\n<\/ol>\n<p>&nbsp;<\/p>\n","protected":false},"excerpt":{"rendered":"","protected":false},"author":1,"featured_media":0,"parent":0,"menu_order":0,"comment_status":"closed","ping_status":"closed","template":"","meta":[],"_links":{"self":[{"href":"http:\/\/centrummisiak.pl\/index.php?rest_route=\/wp\/v2\/pages\/773"}],"collection":[{"href":"http:\/\/centrummisiak.pl\/index.php?rest_route=\/wp\/v2\/pages"}],"about":[{"href":"http:\/\/centrummisiak.pl\/index.php?rest_route=\/wp\/v2\/types\/page"}],"author":[{"embeddable":true,"href":"http:\/\/centrummisiak.pl\/index.php?rest_route=\/wp\/v2\/users\/1"}],"replies":[{"embeddable":true,"href":"http:\/\/centrummisiak.pl\/index.php?rest_route=%2Fwp%2Fv2%2Fcomments&post=773"}],"version-history":[{"count":6,"href":"http:\/\/centrummisiak.pl\/index.php?rest_route=\/wp\/v2\/pages\/773\/revisions"}],"predecessor-version":[{"id":1829,"href":"http:\/\/centrummisiak.pl\/index.php?rest_route=\/wp\/v2\/pages\/773\/revisions\/1829"}],"wp:attachment":[{"href":"http:\/\/centrummisiak.pl\/index.php?rest_route=%2Fwp%2Fv2%2Fmedia&parent=773"}],"curies":[{"name":"wp","href":"https:\/\/api.w.org\/{rel}","templated":true}]}}