{"id":7,"date":"2019-01-28T22:20:27","date_gmt":"2019-01-28T21:20:27","guid":{"rendered":"http:\/\/centrummisiak.pl\/?page_id=7"},"modified":"2019-09-11T10:54:20","modified_gmt":"2019-09-11T08:54:20","slug":"oferta","status":"publish","type":"page","link":"http:\/\/centrummisiak.pl\/?page_id=7","title":{"rendered":"OFERTA"},"content":{"rendered":"\n<div class=\"wp-block-columns has-2-columns\">\n<div class=\"wp-block-column\">\n<h4><strong>Produkty<\/strong><br><\/h4>\n\n\n\n<ul><li><a href=\"http:\/\/centrummisiak.pl\/?page_id=60\">kamie\u0144 ozdobny<\/a><\/li><li><a href=\"http:\/\/centrummisiak.pl\/?page_id=60\">k<\/a><a href=\"http:\/\/centrummisiak.pl\/?page_id=128\">ora sosnowa i zr\u0119bka li\u015bciasta<\/a><\/li><li> <a href=\"http:\/\/centrummisiak.pl\/?page_id=487\">ziemia ogrodowa<\/a> <\/li><li><a href=\"http:\/\/centrummisiak.pl\/?page_id=1006\">folie i siatki rolnicze<\/a><\/li><li><a href=\"http:\/\/centrummisiak.pl\/?page_id=571\">kreda nawozowa<\/a><\/li><li><a href=\"http:\/\/centrummisiak.pl\/?page_id=773\">kratka trawnikowa<\/a><\/li><li><a href=\"http:\/\/centrummisiak.pl\/?page_id=399\">agrotkanina i akcesoria monta\u017cowe<\/a><\/li><li><a href=\"http:\/\/centrummisiak.pl\/?page_id=690\">siatka na krety<\/a><\/li><li><a href=\"http:\/\/centrummisiak.pl\/?page_id=157\">drewno opa\u0142owe<\/a><\/li><li><a href=\"http:\/\/centrummisiak.pl\/?page_id=212\">ekogroszek i mia\u0142 w\u0119glowy<\/a><\/li><li><a href=\"http:\/\/centrummisiak.pl\/?page_id=187\">ogrodzenia<\/a><\/li><li><a href=\"http:\/\/centrummisiak.pl\/?page_id=198\">gabiony<\/a><\/li><li><a href=\"http:\/\/centrummisiak.pl\/?page_id=785\">donice gabionowe i podpory kwiatowe<\/a><\/li><li><a href=\"http:\/\/centrummisiak.pl\/?page_id=993\">donice ceramiczne<\/a><\/li><li><a href=\"http:\/\/centrummisiak.pl\/?page_id=1132\">\u017cy\u0142ka do kos<\/a><\/li><li><a href=\"http:\/\/centrummisiak.pl\/?page_id=1271\">zabawki &#8211; rolnictwo<\/a><\/li><li><a href=\"http:\/\/centrummisiak.pl\/?page_id=1294\">\u015arodki czysto\u015bci &#8211; CLINEX<\/a><\/li><li> <a href=\"http:\/\/centrummisiak.pl\/?page_id=137\">inne do ogrodu: paliki, ta\u015bmy, worki<\/a> <\/li><\/ul>\n<\/div>\n\n\n\n<div class=\"wp-block-column\">\n<h4> <strong>Us\u0142ugi<\/strong><\/h4>\n\n\n\n<ul><li><a href=\"http:\/\/centrummisiak.pl\/?page_id=224\">us\u0142ugi <\/a><br>  <\/li><\/ul>\n\n\n<\/div>\n<\/div>\n","protected":false},"excerpt":{"rendered":"<p>Produkty kamie\u0144 ozdobny kora sosnowa i zr\u0119bka li\u015bciasta ziemia ogrodowa folie i siatki rolnicze kreda nawozowa kratka trawnikowa agrotkanina i akcesoria monta\u017cowe siatka na krety drewno opa\u0142owe ekogroszek i mia\u0142 w\u0119glowy ogrodzenia gabiony donice gabionowe i podpory kwiatowe donice ceramiczne \u017cy\u0142ka do kos zabawki &#8211; rolnictwo \u015arodki czysto\u015bci &#8211; CLINEX inne do ogrodu: paliki, ta\u015bmy, [&hellip;]<\/p>\n","protected":false},"author":1,"featured_media":0,"parent":0,"menu_order":2,"comment_status":"closed","ping_status":"closed","template":"","meta":[],"_links":{"self":[{"href":"http:\/\/centrummisiak.pl\/index.php?rest_route=\/wp\/v2\/pages\/7"}],"collection":[{"href":"http:\/\/centrummisiak.pl\/index.php?rest_route=\/wp\/v2\/pages"}],"about":[{"href":"http:\/\/centrummisiak.pl\/index.php?rest_route=\/wp\/v2\/types\/page"}],"author":[{"embeddable":true,"href":"http:\/\/centrummisiak.pl\/index.php?rest_route=\/wp\/v2\/users\/1"}],"replies":[{"embeddable":true,"href":"http:\/\/centrummisiak.pl\/index.php?rest_route=%2Fwp%2Fv2%2Fcomments&post=7"}],"version-history":[{"count":33,"href":"http:\/\/centrummisiak.pl\/index.php?rest_route=\/wp\/v2\/pages\/7\/revisions"}],"predecessor-version":[{"id":1336,"href":"http:\/\/centrummisiak.pl\/index.php?rest_route=\/wp\/v2\/pages\/7\/revisions\/1336"}],"wp:attachment":[{"href":"http:\/\/centrummisiak.pl\/index.php?rest_route=%2Fwp%2Fv2%2Fmedia&parent=7"}],"curies":[{"name":"wp","href":"https:\/\/api.w.org\/{rel}","templated":true}]}}