{"id":157,"date":"2019-02-13T22:09:35","date_gmt":"2019-02-13T21:09:35","guid":{"rendered":"http:\/\/centrummisiak.pl\/?page_id=157"},"modified":"2022-09-26T16:25:29","modified_gmt":"2022-09-26T14:25:29","slug":"drewno-opalowe","status":"publish","type":"page","link":"http:\/\/centrummisiak.pl\/?page_id=157","title":{"rendered":"Drewno opa\u0142owe"},"content":{"rendered":"\n<p>\u00a0 <span style=\"font-size: inherit;\">W sprzeda\u017cy posiadamy r\u00f3wnie\u017c materia\u0142 rozpa\u0142kowy:<\/span><\/p>\n<ul>\n<li>odpad tartaczny<\/li>\n<\/ul>\n<p>W celu uzyskania bli\u017cszych informacji zapraszamy do kontaktu telefonicznego, osobistego b\u0105d\u017a poprzez formularz kontaktowy w zak\u0142adce \u2018Kontakt\u2019.<\/p>\n<p>\u00a0<\/p>\n\n\n\n<figure class=\"wp-block-gallery columns-1 is-cropped\"><ul class=\"blocks-gallery-grid\"><li class=\"blocks-gallery-item\"><figure><a href=\"http:\/\/centrummisiak.pl\/wp-content\/uploads\/2019\/03\/ODPAD-TARTACZNY-1-789x1024.jpg\"><img loading=\"lazy\" width=\"789\" height=\"1024\" src=\"http:\/\/centrummisiak.pl\/wp-content\/uploads\/2019\/03\/ODPAD-TARTACZNY-1-789x1024.jpg\" alt=\"\" data-id=\"610\" data-link=\"http:\/\/centrummisiak.pl\/?attachment_id=610\" class=\"wp-image-610\" srcset=\"http:\/\/centrummisiak.pl\/wp-content\/uploads\/2019\/03\/ODPAD-TARTACZNY-1-789x1024.jpg 789w, http:\/\/centrummisiak.pl\/wp-content\/uploads\/2019\/03\/ODPAD-TARTACZNY-1-231x300.jpg 231w, http:\/\/centrummisiak.pl\/wp-content\/uploads\/2019\/03\/ODPAD-TARTACZNY-1-768x996.jpg 768w\" sizes=\"(max-width: 789px) 100vw, 789px\" \/><\/a><\/figure><\/li><\/ul><\/figure>\n","protected":false},"excerpt":{"rendered":"","protected":false},"author":1,"featured_media":769,"parent":0,"menu_order":0,"comment_status":"closed","ping_status":"closed","template":"","meta":[],"_links":{"self":[{"href":"http:\/\/centrummisiak.pl\/index.php?rest_route=\/wp\/v2\/pages\/157"}],"collection":[{"href":"http:\/\/centrummisiak.pl\/index.php?rest_route=\/wp\/v2\/pages"}],"about":[{"href":"http:\/\/centrummisiak.pl\/index.php?rest_route=\/wp\/v2\/types\/page"}],"author":[{"embeddable":true,"href":"http:\/\/centrummisiak.pl\/index.php?rest_route=\/wp\/v2\/users\/1"}],"replies":[{"embeddable":true,"href":"http:\/\/centrummisiak.pl\/index.php?rest_route=%2Fwp%2Fv2%2Fcomments&post=157"}],"version-history":[{"count":13,"href":"http:\/\/centrummisiak.pl\/index.php?rest_route=\/wp\/v2\/pages\/157\/revisions"}],"predecessor-version":[{"id":1828,"href":"http:\/\/centrummisiak.pl\/index.php?rest_route=\/wp\/v2\/pages\/157\/revisions\/1828"}],"wp:featuredmedia":[{"embeddable":true,"href":"http:\/\/centrummisiak.pl\/index.php?rest_route=\/wp\/v2\/media\/769"}],"wp:attachment":[{"href":"http:\/\/centrummisiak.pl\/index.php?rest_route=%2Fwp%2Fv2%2Fmedia&parent=157"}],"curies":[{"name":"wp","href":"https:\/\/api.w.org\/{rel}","templated":true}]}}