{"id":1132,"date":"2019-07-05T18:37:56","date_gmt":"2019-07-05T16:37:56","guid":{"rendered":"http:\/\/centrummisiak.pl\/?page_id=1132"},"modified":"2019-07-05T18:37:57","modified_gmt":"2019-07-05T16:37:57","slug":"zylka-do-kos","status":"publish","type":"page","link":"http:\/\/centrummisiak.pl\/?page_id=1132","title":{"rendered":"\u017by\u0142ka do kos"},"content":{"rendered":"\n<p>Ameryka\u0144ska \u017cy\u0142ka tn\u0105ca <strong>OREGON ORANGE <\/strong>(pomara\u0144czowa) &#8211; zwitek, o okr\u0105g\u0142ym przekroju, do kos i podkaszarek, idealna do koszenia wysokiej trawy oraz piel\u0119gnacji trawnika, w niezwykle atrakcyjnej cenie. Cechuj\u0105ca si\u0119 mniej agresywn\u0105 charakterystyk\u0105 koszenia ni\u017c jej odpowiednik o przekroju gwiazdki.<\/p>\n<p>Rozmiar: 2,7 mm x 15 m<\/p>\n<p>kszta\u0142t: okr\u0105g\u0142a<\/p>\n\n\n\n<ul class=\"wp-block-gallery columns-2 is-cropped\"><li class=\"blocks-gallery-item\"><figure><img loading=\"lazy\" width=\"800\" height=\"800\" src=\"http:\/\/centrummisiak.pl\/wp-content\/uploads\/2019\/07\/Zylka-okragla-Oregon-2-7mm-x-15m-pomaranczowa-2.jpg\" alt=\"\" data-id=\"1133\" data-link=\"http:\/\/centrummisiak.pl\/?attachment_id=1133\" class=\"wp-image-1133\" srcset=\"http:\/\/centrummisiak.pl\/wp-content\/uploads\/2019\/07\/Zylka-okragla-Oregon-2-7mm-x-15m-pomaranczowa-2.jpg 800w, http:\/\/centrummisiak.pl\/wp-content\/uploads\/2019\/07\/Zylka-okragla-Oregon-2-7mm-x-15m-pomaranczowa-2-150x150.jpg 150w, http:\/\/centrummisiak.pl\/wp-content\/uploads\/2019\/07\/Zylka-okragla-Oregon-2-7mm-x-15m-pomaranczowa-2-300x300.jpg 300w, http:\/\/centrummisiak.pl\/wp-content\/uploads\/2019\/07\/Zylka-okragla-Oregon-2-7mm-x-15m-pomaranczowa-2-768x768.jpg 768w, http:\/\/centrummisiak.pl\/wp-content\/uploads\/2019\/07\/Zylka-okragla-Oregon-2-7mm-x-15m-pomaranczowa-2-510x510.jpg 510w\" sizes=\"(max-width: 800px) 100vw, 800px\" \/><\/figure><\/li><li class=\"blocks-gallery-item\"><figure><img loading=\"lazy\" width=\"800\" height=\"800\" src=\"http:\/\/centrummisiak.pl\/wp-content\/uploads\/2019\/07\/Zylka-okragla-Oregon-2-7mm-x-15m-pomaranczowa.jpg\" alt=\"\" data-id=\"1134\" data-link=\"http:\/\/centrummisiak.pl\/?attachment_id=1134\" class=\"wp-image-1134\" srcset=\"http:\/\/centrummisiak.pl\/wp-content\/uploads\/2019\/07\/Zylka-okragla-Oregon-2-7mm-x-15m-pomaranczowa.jpg 800w, http:\/\/centrummisiak.pl\/wp-content\/uploads\/2019\/07\/Zylka-okragla-Oregon-2-7mm-x-15m-pomaranczowa-150x150.jpg 150w, http:\/\/centrummisiak.pl\/wp-content\/uploads\/2019\/07\/Zylka-okragla-Oregon-2-7mm-x-15m-pomaranczowa-300x300.jpg 300w, http:\/\/centrummisiak.pl\/wp-content\/uploads\/2019\/07\/Zylka-okragla-Oregon-2-7mm-x-15m-pomaranczowa-768x768.jpg 768w, http:\/\/centrummisiak.pl\/wp-content\/uploads\/2019\/07\/Zylka-okragla-Oregon-2-7mm-x-15m-pomaranczowa-510x510.jpg 510w\" sizes=\"(max-width: 800px) 100vw, 800px\" \/><\/figure><\/li><\/ul>\n\n\n\n<p>Ameryka\u0144ska \u017cy\u0142ka tn\u0105ca\u00a0<strong>OREGON ORANGE <\/strong>(pomara\u0144czowa) &#8211; zwitek, o profilu gwiazdki, do kos i podkaszarek, idealna do koszenia wysokiej trawy i piel\u0119gnacji trawnika, w niezwykle atrakcyjnej cenie. Cechuj\u0105ca si\u0119 agresywniejsz\u0105 charakterystyk\u0105 koszenia ni\u017c jej okr\u0105g\u0142y odpowiednik.<\/p>\n<p>Rozmiar: 2,7 mm x 15 m<\/p>\n<p>kszta\u0142t: gwiazdka<\/p>\n\n\n\n<ul class=\"wp-block-gallery columns-2 is-cropped\"><li class=\"blocks-gallery-item\"><figure><img loading=\"lazy\" width=\"800\" height=\"800\" src=\"http:\/\/centrummisiak.pl\/wp-content\/uploads\/2019\/07\/Zylka-gwiazdka-Oregon-2-7mm-x-15m-pomaranczowa-2.jpg\" alt=\"\" data-id=\"1135\" data-link=\"http:\/\/centrummisiak.pl\/?attachment_id=1135\" class=\"wp-image-1135\" srcset=\"http:\/\/centrummisiak.pl\/wp-content\/uploads\/2019\/07\/Zylka-gwiazdka-Oregon-2-7mm-x-15m-pomaranczowa-2.jpg 800w, http:\/\/centrummisiak.pl\/wp-content\/uploads\/2019\/07\/Zylka-gwiazdka-Oregon-2-7mm-x-15m-pomaranczowa-2-150x150.jpg 150w, http:\/\/centrummisiak.pl\/wp-content\/uploads\/2019\/07\/Zylka-gwiazdka-Oregon-2-7mm-x-15m-pomaranczowa-2-300x300.jpg 300w, http:\/\/centrummisiak.pl\/wp-content\/uploads\/2019\/07\/Zylka-gwiazdka-Oregon-2-7mm-x-15m-pomaranczowa-2-768x768.jpg 768w, http:\/\/centrummisiak.pl\/wp-content\/uploads\/2019\/07\/Zylka-gwiazdka-Oregon-2-7mm-x-15m-pomaranczowa-2-510x510.jpg 510w\" sizes=\"(max-width: 800px) 100vw, 800px\" \/><\/figure><\/li><li class=\"blocks-gallery-item\"><figure><img loading=\"lazy\" width=\"800\" height=\"800\" src=\"http:\/\/centrummisiak.pl\/wp-content\/uploads\/2019\/07\/Zylka-gwiazdka-Oregon-2-7mm-x-15m-pomaranczowa.jpg\" alt=\"\" data-id=\"1136\" data-link=\"http:\/\/centrummisiak.pl\/?attachment_id=1136\" class=\"wp-image-1136\" srcset=\"http:\/\/centrummisiak.pl\/wp-content\/uploads\/2019\/07\/Zylka-gwiazdka-Oregon-2-7mm-x-15m-pomaranczowa.jpg 800w, http:\/\/centrummisiak.pl\/wp-content\/uploads\/2019\/07\/Zylka-gwiazdka-Oregon-2-7mm-x-15m-pomaranczowa-150x150.jpg 150w, http:\/\/centrummisiak.pl\/wp-content\/uploads\/2019\/07\/Zylka-gwiazdka-Oregon-2-7mm-x-15m-pomaranczowa-300x300.jpg 300w, http:\/\/centrummisiak.pl\/wp-content\/uploads\/2019\/07\/Zylka-gwiazdka-Oregon-2-7mm-x-15m-pomaranczowa-768x768.jpg 768w, http:\/\/centrummisiak.pl\/wp-content\/uploads\/2019\/07\/Zylka-gwiazdka-Oregon-2-7mm-x-15m-pomaranczowa-510x510.jpg 510w\" sizes=\"(max-width: 800px) 100vw, 800px\" \/><\/figure><\/li><\/ul>\n","protected":false},"excerpt":{"rendered":"","protected":false},"author":1,"featured_media":0,"parent":0,"menu_order":0,"comment_status":"closed","ping_status":"closed","template":"","meta":[],"_links":{"self":[{"href":"http:\/\/centrummisiak.pl\/index.php?rest_route=\/wp\/v2\/pages\/1132"}],"collection":[{"href":"http:\/\/centrummisiak.pl\/index.php?rest_route=\/wp\/v2\/pages"}],"about":[{"href":"http:\/\/centrummisiak.pl\/index.php?rest_route=\/wp\/v2\/types\/page"}],"author":[{"embeddable":true,"href":"http:\/\/centrummisiak.pl\/index.php?rest_route=\/wp\/v2\/users\/1"}],"replies":[{"embeddable":true,"href":"http:\/\/centrummisiak.pl\/index.php?rest_route=%2Fwp%2Fv2%2Fcomments&post=1132"}],"version-history":[{"count":1,"href":"http:\/\/centrummisiak.pl\/index.php?rest_route=\/wp\/v2\/pages\/1132\/revisions"}],"predecessor-version":[{"id":1138,"href":"http:\/\/centrummisiak.pl\/index.php?rest_route=\/wp\/v2\/pages\/1132\/revisions\/1138"}],"wp:attachment":[{"href":"http:\/\/centrummisiak.pl\/index.php?rest_route=%2Fwp%2Fv2%2Fmedia&parent=1132"}],"curies":[{"name":"wp","href":"https:\/\/api.w.org\/{rel}","templated":true}]}}